{"id":391,"date":"2025-11-24T13:25:33","date_gmt":"2025-11-24T06:25:33","guid":{"rendered":"https:\/\/nhipoto.vn\/?page_id=391"},"modified":"2025-12-02T09:53:59","modified_gmt":"2025-12-02T02:53:59","slug":"thon-tin-thi-truong-vang-chung-khoan-tien-dien-tu","status":"publish","type":"page","link":"https:\/\/nhipoto.vn\/index.php\/thon-tin-thi-truong-vang-chung-khoan-tien-dien-tu\/","title":{"rendered":"Th\u00f4ng tin th\u1ecb tr\u01b0\u1eddng (V\u00e0ng, Ch\u1ee9ng kho\u00e1n, Ti\u1ec1n \u0111i\u1ec7n t\u1eed)"},"content":{"rendered":"\n<h2 class=\"wp-block-heading has-text-align-center\">Ch\u1ec9 s\u1ed1 ch\u1ee9ng kho\u00e1n Vi\u1ec7t Nam<\/h2>\n\n\n\n<div class=\"simplize-widget-chart-overview\">\n<script type=\"text\/javascript\" src=\"https:\/\/static.simplize.vn\/static\/widget\/simplize-widget-v0.0.2.min.js\" async>\n{\"tickers\":[{\"ticker\":\"VNINDEX\",\"type\":\"index\"},{\"ticker\":\"VN30\",\"type\":\"index\"},{\"ticker\":\"HNXINDEX\",\"type\":\"index\"},{\"ticker\":\"UPINDEX\",\"type\":\"index\"}],\"default_time_frame\":\"1Y\",\"time_frames\":[\"1D\",\"1M\",\"3M\",\"1Y\"],\"theme\":\"light\",\"size\":{\"width\":\"\",\"height\":\"\"},\"auto_size\":true,\"font\":\"Inter\",\"text_color\":\"#22313F\",\"text_color_chart\":\"#22313F\",\"background_color\":\"#FFFFFF\",\"tab_colors\":{\"active\":\"#006CEC\",\"default\":\"#F2F2F2\"},\"chart_height\":220,\"show_price_chart\":true,\"show_fi\":true,\"chart_type\":\"line\",\"chart_line_color\":\"#EC8000\",\"chart_candle_color\":[\"#25B770\",\"#E14040\"],\"fi\":[\"market_cap_vnd\",\"volume\",\"outstanding_shares\",\"pe_ratio\",\"pb_ratio\",\"eps\"]}\n<\/script>\n<\/div>\n\n\n\n<div id=\"frame\" style=\"width: 100%;margin: auto;position: relative; z-index: 99998;\">\n          <iframe data-aa='2418295' src='\/\/acceptable.a-ads.com\/2418295\/?size=Adaptive'\n                            style='border:0; padding:0; width:70%; height:auto; overflow:hidden;display: block;margin: auto'><\/iframe>\n        <\/div>\n\n\n\n<hr class=\"wp-block-separator has-alpha-channel-opacity\"\/>\n\n\n\n<h2 class=\"wp-block-heading has-text-align-center\"><strong>Ch\u1ec9 s\u1ed1 ch\u1ee9ng kho\u00e1n th\u1ebf gi\u1edbi<\/strong><\/h2>\n\n\n\n<div class=\"simplize-widget-chart-overview\">\n<script type=\"text\/javascript\" src=\"https:\/\/static.simplize.vn\/static\/widget\/simplize-widget-v0.0.2.min.js\" async>\n{\"tickers\":[{\"ticker\":\"^DJI\",\"type\":\"index\"},{\"ticker\":\"^FTSE\",\"type\":\"index\"},{\"ticker\":\"^N225\",\"type\":\"index\"},{\"ticker\":\"TVC:DXY\",\"type\":\"index\"}],\"default_time_frame\":\"1Y\",\"time_frames\":[\"1D\",\"1M\",\"3M\",\"1Y\"],\"theme\":\"light\",\"size\":{\"width\":\"\",\"height\":\"\"},\"auto_size\":true,\"font\":\"Inter\",\"text_color\":\"#22313F\",\"text_color_chart\":\"#22313F\",\"background_color\":\"#FFFFFF\",\"tab_colors\":{\"active\":\"#006CEC\",\"default\":\"#F2F2F2\"},\"chart_height\":220,\"show_price_chart\":true,\"show_fi\":true,\"chart_type\":\"line\",\"chart_line_color\":\"#EC8000\",\"chart_candle_color\":[\"#25B770\",\"#E14040\"],\"fi\":[\"market_cap_vnd\",\"volume\",\"outstanding_shares\",\"pe_ratio\",\"pb_ratio\",\"eps\"]}\n<\/script>\n<\/div>\n\n\n\n<div id=\"frame\" style=\"width: 100%;margin: auto;position: relative; z-index: 99998;\">\n          <iframe data-aa='2418295' src='\/\/acceptable.a-ads.com\/2418295\/?size=Adaptive'\n                            style='border:0; padding:0; width:70%; height:auto; overflow:hidden;display: block;margin: auto'><\/iframe>\n        <\/div>\n\n\n\n<hr class=\"wp-block-separator has-alpha-channel-opacity\"\/>\n\n\n\n<h2 class=\"wp-block-heading has-text-align-center\">Ch\u1ec9 s\u1ed1 c\u00e1c ti\u1ec1n \u0111i\u1ec7n t\u1eed h\u00e0ng \u0111\u1ea7u<\/h2>\n\n\n\n<div class=\"simplize-widget-chart-overview\">\n<script type=\"text\/javascript\" src=\"https:\/\/static.simplize.vn\/static\/widget\/simplize-widget-v0.0.2.min.js\" async>\n{\"tickers\":[{\"ticker\":\"BTCUSDT\",\"type\":\"crypto\"},{\"ticker\":\"ETHUSDT\",\"type\":\"crypto\"},{\"ticker\":\"XRPUSDT\",\"type\":\"crypto\"},{\"ticker\":\"SHIBUSDT\",\"type\":\"crypto\"},{\"ticker\":\"ADAUSDT\",\"type\":\"crypto\"},{\"ticker\":\"UNIUSDT\",\"type\":\"crypto\"}],\"default_time_frame\":\"1Y\",\"time_frames\":[\"1D\",\"1M\",\"3M\",\"1Y\",\"5Y\",\"all\"],\"theme\":\"light\",\"size\":{\"width\":\"\",\"height\":\"\"},\"auto_size\":true,\"font\":\"Inter\",\"text_color\":\"#22313F\",\"text_color_chart\":\"#22313F\",\"background_color\":\"#FFFFFF\",\"tab_colors\":{\"active\":\"#006CEC\",\"default\":\"#F2F2F2\"},\"chart_height\":220,\"show_price_chart\":true,\"show_fi\":true,\"chart_type\":\"line\",\"chart_line_color\":\"#EC8000\",\"chart_candle_color\":[\"#25B770\",\"#E14040\"],\"fi\":[\"market_cap_vnd\",\"volume\",\"outstanding_shares\",\"pe_ratio\",\"pb_ratio\",\"eps\"]}\n<\/script>\n<\/div>\n\n\n\n<div id=\"frame\" style=\"width: 100%;margin: auto;position: relative; z-index: 99998;\">\n          <iframe data-aa='2418295' src='\/\/acceptable.a-ads.com\/2418295\/?size=Adaptive'\n                            style='border:0; padding:0; width:70%; height:auto; overflow:hidden;display: block;margin: auto'><\/iframe>\n        <\/div>\n\n\n\n<hr class=\"wp-block-separator has-alpha-channel-opacity\"\/>\n\n\n\n<h2 class=\"wp-block-heading has-text-align-center\">Ch\u1ec9 s\u1ed1 c\u00e1c h\u00e0ng ho\u00e1 th\u00f4ng d\u1ee5ng<\/h2>\n\n\n\n<div class=\"simplize-widget-chart-overview\">\n<script type=\"text\/javascript\" src=\"https:\/\/static.simplize.vn\/static\/widget\/simplize-widget-v0.0.2.min.js\" async>\n{\"tickers\":[{\"ticker\":\"GC=F\",\"type\":\"commodity\"},{\"ticker\":\"COMEX:SI1!\",\"type\":\"commodity\"},{\"ticker\":\"CL=F\",\"type\":\"commodity\"},{\"ticker\":\"FXIDC:USDVND\",\"type\":\"forex\"},{\"ticker\":\"NYMEX:BB1!\",\"type\":\"commodity\"}],\"default_time_frame\":\"1Y\",\"time_frames\":[\"1D\",\"1M\",\"3M\",\"1Y\",\"5Y\",\"all\"],\"theme\":\"light\",\"size\":{\"width\":\"\",\"height\":\"\"},\"auto_size\":true,\"font\":\"Inter\",\"text_color\":\"#22313F\",\"text_color_chart\":\"#22313F\",\"background_color\":\"#FFFFFF\",\"tab_colors\":{\"active\":\"#006CEC\",\"default\":\"#F2F2F2\"},\"chart_height\":220,\"show_price_chart\":true,\"show_fi\":true,\"chart_type\":\"line\",\"chart_line_color\":\"#EC8000\",\"chart_candle_color\":[\"#25B770\",\"#E14040\"],\"fi\":[\"market_cap_vnd\",\"volume\",\"outstanding_shares\",\"pe_ratio\",\"pb_ratio\",\"eps\"]}\n<\/script>\n<\/div>\n\n\n\n<div id=\"frame\" style=\"width: 100%;margin: auto;position: relative; z-index: 99998;\">\n          <iframe data-aa='2418295' src='\/\/acceptable.a-ads.com\/2418295\/?size=Adaptive'\n                            style='border:0; padding:0; width:70%; height:auto; overflow:hidden;display: block;margin: auto'><\/iframe>\n        <\/div>\n<!-- Adsterra Social Bar -->\n<script type='text\/javascript' src='\/\/pl28155095.effectivegatecpm.com\/79\/33\/fb\/7933fb543c3777a666aebb18013497a2.js'><\/script>\n<!-- Hilltopads In-page Push  -->\n<script>\n(function(xytfl){\nvar d = document,\n    s = d.createElement('script'),\n    l = d.scripts[d.scripts.length - 1];\ns.settings = xytfl || {};\ns.src = \"\\\/\\\/ornery-possible.com\\\/buX.VkshdUGSl\\\/0YYhWIcD\\\/Ve\\\/mp9ruXZqU_lYkwPDT_Yu3NMPT-cpzINpTgY\\\/tbNTjPcDx\\\/NrzUMe1yNiwJ\";\ns.async = true;\ns.referrerPolicy = 'no-referrer-when-downgrade';\nl.parentNode.insertBefore(s, l);\n})({})\n<\/script>\n\n\n\n<hr class=\"wp-block-separator has-alpha-channel-opacity\"\/>\n","protected":false},"excerpt":{"rendered":"<p>Ch\u1ec9 s\u1ed1 ch\u1ee9ng kho\u00e1n Vi\u1ec7t Nam Ch\u1ec9 s\u1ed1 ch\u1ee9ng kho\u00e1n th\u1ebf gi\u1edbi Ch\u1ec9 s\u1ed1 c\u00e1c ti\u1ec1n \u0111i\u1ec7n t\u1eed h\u00e0ng \u0111\u1ea7u Ch\u1ec9 s\u1ed1 c\u00e1c h\u00e0ng ho\u00e1 th\u00f4ng d\u1ee5ng<\/p>\n","protected":false},"author":1,"featured_media":0,"parent":0,"menu_order":0,"comment_status":"open","ping_status":"closed","template":"","meta":{"footnotes":""},"class_list":["post-391","page","type-page","status-publish","hentry"],"aioseo_notices":[],"_links":{"self":[{"href":"https:\/\/nhipoto.vn\/index.php\/wp-json\/wp\/v2\/pages\/391","targetHints":{"allow":["GET"]}}],"collection":[{"href":"https:\/\/nhipoto.vn\/index.php\/wp-json\/wp\/v2\/pages"}],"about":[{"href":"https:\/\/nhipoto.vn\/index.php\/wp-json\/wp\/v2\/types\/page"}],"author":[{"embeddable":true,"href":"https:\/\/nhipoto.vn\/index.php\/wp-json\/wp\/v2\/users\/1"}],"replies":[{"embeddable":true,"href":"https:\/\/nhipoto.vn\/index.php\/wp-json\/wp\/v2\/comments?post=391"}],"version-history":[{"count":10,"href":"https:\/\/nhipoto.vn\/index.php\/wp-json\/wp\/v2\/pages\/391\/revisions"}],"predecessor-version":[{"id":506,"href":"https:\/\/nhipoto.vn\/index.php\/wp-json\/wp\/v2\/pages\/391\/revisions\/506"}],"wp:attachment":[{"href":"https:\/\/nhipoto.vn\/index.php\/wp-json\/wp\/v2\/media?parent=391"}],"curies":[{"name":"wp","href":"https:\/\/api.w.org\/{rel}","templated":true}]}}