{"id":51,"date":"2023-02-17T09:35:26","date_gmt":"2023-02-17T02:35:26","guid":{"rendered":"https:\/\/nhipoto.vn\/?page_id=51"},"modified":"2025-12-02T09:47:38","modified_gmt":"2025-12-02T02:47:38","slug":"trang-chu","status":"publish","type":"page","link":"https:\/\/nhipoto.vn\/","title":{"rendered":"\u262f\ufe0fnhipoto.vn"},"content":{"rendered":"\n<h2 class=\"wp-block-heading\">Tri\u1ebft l\u00fd kinh doanh d\u1ef1a tr\u00ean s\u1ef1 t\u1eed t\u1ebf<\/h2>\n\n\n\n<p>Ch\u00fang t\u00f4i tin r\u1eb1ng d\u00f9 l\u00e0 trong b\u1ea5t k\u1ef3 ho\u00e0n c\u1ea3nh n\u00e0o, <strong>s\u1ef1 t\u1eed t\u1ebf lu\u00f4n l\u00e0 l\u1ebd ph\u1ea3i<\/strong>. T\u1eed t\u1ebf v\u1edbi ng\u01b0\u1eddi kh\u00e1c kh\u00f4ng ch\u1ec9 mang l\u1ea1i ni\u1ec1m vui, h\u1ea1nh ph\u00fac cho ng\u01b0\u1eddi kh\u00e1c m\u00e0 c\u00f2n gi\u00fap \u0111em l\u1ea1i ph\u01b0\u1edbc b\u00e1o, ph\u00fac l\u00e0nh cho b\u1ea3n th\u00e2n doanh<br>nghi\u1ec7p!<\/p>\n\n\n\n<hr class=\"wp-block-separator has-alpha-channel-opacity\"\/>\n\n\n\n<h2 class=\"wp-block-heading\">S\u1ea3n ph\u1ea9m kinh doanh<\/h2>\n\n\n\n<p>Nh\u00e0 s\u1ea3n xu\u1ea5t: C\u00f4ng ty c\u1ed5 ph\u1ea7n c\u01a1 kh\u00ed 19-8<\/p>\n\n\n\n<p><mark style=\"background-color:rgba(0, 0, 0, 0)\" class=\"has-inline-color has-vivid-cyan-blue-color\">Nh\u00edp xe t\u1ea3i c\u00e1c lo\u1ea1i<\/mark><\/p>\n\n\n\n<p><mark style=\"background-color:rgba(0, 0, 0, 0)\" class=\"has-inline-color has-vivid-cyan-blue-color\">Nh\u00edp xe b\u00e1n t\u1ea3i<\/mark><\/p>\n\n\n\n<p><mark style=\"background-color:rgba(0, 0, 0, 0)\" class=\"has-inline-color has-vivid-cyan-blue-color\">Nh\u00edp xe k\u00e9o<\/mark><\/p>\n\n\n\n<p><mark style=\"background-color:rgba(0, 0, 0, 0)\" class=\"has-inline-color has-vivid-cyan-blue-color\">L\u00f2 xo v\u00e0 Quang<\/mark><\/p>\n\n\n\n<hr class=\"wp-block-separator has-alpha-channel-opacity\"\/>\n\n\n\n<p><strong><mark style=\"background-color:rgba(0, 0, 0, 0)\" class=\"has-inline-color has-vivid-purple-color\">Li\u00ean h\u1ec7 hotline: 082 888 0139 &#8211; c\u00f3 Zalo, Lotus<\/mark><\/strong><\/p>\n\n\n\n<hr class=\"wp-block-separator has-alpha-channel-opacity\"\/>\n\n\n\n<center>\n\n\n<div id=\"frame\" style=\"width: 100%;margin: auto;position: relative; z-index: 99998;\">\n          <iframe data-aa='2418295' src='\/\/acceptable.a-ads.com\/2418295\/?size=Adaptive'\n                            style='border:0; padding:0; width:70%; height:auto; overflow:hidden;display: block;margin: auto'><\/iframe>\n          <div style=\"width: 70%;margin:auto;position: absolute;left: 0;right: 0\">\n            <a target=\"_blank\" style=\"display:inline-block;font-size: 13px;color: #263238;padding: 4px 10px;background: #F8F8F9;text-decoration: none; border-radius: 0 0 4px 4px;\" id=\"frame-link\" href=\"https:\/\/aads.com\/campaigns\/new\/?source_id=2418295&#038;source_type=ad_unit&#038;partner=2418295\">Advertise here<\/a>\n          <\/div>\n        <\/div>\n<\/center>\n","protected":false},"excerpt":{"rendered":"<p>Tri\u1ebft l\u00fd kinh doanh d\u1ef1a tr\u00ean s\u1ef1 t\u1eed t\u1ebf Ch\u00fang t\u00f4i tin r\u1eb1ng d\u00f9 l\u00e0 trong b\u1ea5t k\u1ef3 ho\u00e0n c\u1ea3nh n\u00e0o, s\u1ef1 t\u1eed t\u1ebf lu\u00f4n l\u00e0 l\u1ebd ph\u1ea3i. T\u1eed t\u1ebf&hellip;<\/p>\n","protected":false},"author":1,"featured_media":0,"parent":0,"menu_order":0,"comment_status":"open","ping_status":"closed","template":"","meta":{"footnotes":""},"class_list":["post-51","page","type-page","status-publish","hentry"],"aioseo_notices":[],"_links":{"self":[{"href":"https:\/\/nhipoto.vn\/index.php\/wp-json\/wp\/v2\/pages\/51","targetHints":{"allow":["GET"]}}],"collection":[{"href":"https:\/\/nhipoto.vn\/index.php\/wp-json\/wp\/v2\/pages"}],"about":[{"href":"https:\/\/nhipoto.vn\/index.php\/wp-json\/wp\/v2\/types\/page"}],"author":[{"embeddable":true,"href":"https:\/\/nhipoto.vn\/index.php\/wp-json\/wp\/v2\/users\/1"}],"replies":[{"embeddable":true,"href":"https:\/\/nhipoto.vn\/index.php\/wp-json\/wp\/v2\/comments?post=51"}],"version-history":[{"count":12,"href":"https:\/\/nhipoto.vn\/index.php\/wp-json\/wp\/v2\/pages\/51\/revisions"}],"predecessor-version":[{"id":504,"href":"https:\/\/nhipoto.vn\/index.php\/wp-json\/wp\/v2\/pages\/51\/revisions\/504"}],"wp:attachment":[{"href":"https:\/\/nhipoto.vn\/index.php\/wp-json\/wp\/v2\/media?parent=51"}],"curies":[{"name":"wp","href":"https:\/\/api.w.org\/{rel}","templated":true}]}}