{"id":74,"date":"2023-02-17T10:14:07","date_gmt":"2023-02-17T03:14:07","guid":{"rendered":"https:\/\/nhipoto.vn\/?page_id=74"},"modified":"2025-11-29T08:48:08","modified_gmt":"2025-11-29T01:48:08","slug":"lien-he","status":"publish","type":"page","link":"https:\/\/nhipoto.vn\/index.php\/lien-he\/","title":{"rendered":"Li\u00ean h\u1ec7"},"content":{"rendered":"\n<p class=\"has-text-align-left\">C\u00d4NG TY C\u1ed4 PH\u1ea6N C\u01a0 KH\u00cd 19-8<\/p>\n\n\n\n<ul class=\"wp-block-list\">\n<li>\u0110\u1ecba ch\u1ec9: Th\u00f4n Th\u1eafng Tr\u00ed, X\u00e3 Kim Anh, TP H\u00e0 N\u1ed9i<\/li>\n\n\n\n<li>Email: cokhi198@gmail.com<\/li>\n\n\n\n<li>Gian h\u00e0ng tr\u00ean Shopee: <a href=\"https:\/\/shope.ee\/4fZijmgVOk\" target=\"_blank\" rel=\"noreferrer noopener\">shopee.vn\/cokhi198<\/a><\/li>\n\n\n\n<li>Facebook:                       <a rel=\"noreferrer noopener\" href=\"http:\/\/facebook.com\/cokhi198\" data-type=\"URL\" data-id=\"facebook.com\/cokhi198\" target=\"_blank\">facebook.com\/c<\/a><a href=\"http:\/\/facebook.com\/cokhi198\" data-type=\"URL\" data-id=\"facebook.com\/cokhi198\">okhi198<\/a>                       <\/li>\n\n\n\n<li>Telegram Channel: <a href=\"http:\/\/t.me\/nhipoto\" target=\"_blank\" rel=\"noreferrer noopener\">t.me\/nhipoto<\/a><\/li>\n\n\n\n<li>Tiktok ID:                         <a rel=\"noreferrer noopener\" href=\"https:\/\/www.tiktok.com\/@nhipoto\" target=\"_blank\">nhipoto<\/a>                       <\/li>\n\n\n\n<li>Instagram:                       <a rel=\"noreferrer noopener\" href=\"http:\/\/instagram.com\/cokhi198\" target=\"_blank\">instagram.com\/cokhi198<\/a>                       <\/li>\n\n\n\n<li>Mobile\/Zalo\/Lotus Chat: 082 888 0139<\/li>\n<\/ul>\n\n\n\n<center><iframe src=\"https:\/\/www.google.com\/maps\/embed?pb=!1m18!1m12!1m3!1d2027.263159645193!2d105.74059359270531!3d21.270796580400905!2m3!1f0!2f0!3f0!3m2!1i1024!2i768!4f13.1!3m3!1m2!1s0x3134fd1f32fa7775%3A0x65ec4190b883412a!2sNHIPOTO.VN!5e0!3m2!1svi!2s!4v1682154015410!5m2!1svi!2s\" width=\"600\" height=\"450\" style=\"border:0;\" allowfullscreen=\"\" loading=\"lazy\" referrerpolicy=\"no-referrer-when-downgrade\"><\/iframe><\/center>\n\n\n\n\n\n<div id=\"frame\" style=\"width: 100%;margin: auto;position: relative; z-index: 99998;\">\n          <iframe data-aa='2418295' src='\/\/acceptable.a-ads.com\/2418295\/?size=Adaptive'\n                            style='border:0; padding:0; width:70%; height:auto; overflow:hidden;display: block;margin: auto'><\/iframe>\n        <\/div>\n","protected":false},"excerpt":{"rendered":"<p>C\u00d4NG TY C\u1ed4 PH\u1ea6N C\u01a0 KH\u00cd 19-8<\/p>\n","protected":false},"author":1,"featured_media":0,"parent":0,"menu_order":0,"comment_status":"closed","ping_status":"closed","template":"","meta":{"footnotes":""},"class_list":["post-74","page","type-page","status-publish","hentry"],"aioseo_notices":[],"_links":{"self":[{"href":"https:\/\/nhipoto.vn\/index.php\/wp-json\/wp\/v2\/pages\/74","targetHints":{"allow":["GET"]}}],"collection":[{"href":"https:\/\/nhipoto.vn\/index.php\/wp-json\/wp\/v2\/pages"}],"about":[{"href":"https:\/\/nhipoto.vn\/index.php\/wp-json\/wp\/v2\/types\/page"}],"author":[{"embeddable":true,"href":"https:\/\/nhipoto.vn\/index.php\/wp-json\/wp\/v2\/users\/1"}],"replies":[{"embeddable":true,"href":"https:\/\/nhipoto.vn\/index.php\/wp-json\/wp\/v2\/comments?post=74"}],"version-history":[{"count":14,"href":"https:\/\/nhipoto.vn\/index.php\/wp-json\/wp\/v2\/pages\/74\/revisions"}],"predecessor-version":[{"id":388,"href":"https:\/\/nhipoto.vn\/index.php\/wp-json\/wp\/v2\/pages\/74\/revisions\/388"}],"wp:attachment":[{"href":"https:\/\/nhipoto.vn\/index.php\/wp-json\/wp\/v2\/media?parent=74"}],"curies":[{"name":"wp","href":"https:\/\/api.w.org\/{rel}","templated":true}]}}